{"id":92,"date":"2018-09-15T08:59:51","date_gmt":"2018-09-15T06:59:51","guid":{"rendered":"http:\/\/www.rangeroverp38.fr\/?page_id=92"},"modified":"2018-09-16T21:54:24","modified_gmt":"2018-09-16T19:54:24","slug":"details-du-range-rover-v8-4-6l-230ch-e85","status":"publish","type":"page","link":"https:\/\/www.rangeroverp38.fr\/?page_id=92","title":{"rendered":"Details du Range Rover V8 4.6l 230ch E85"},"content":{"rendered":"<h1><strong>Details du v\u00e9hicule<\/strong><\/h1>\n<h2><strong>Donn\u00e9es standards :<\/strong><\/h2>\n<p>Range Rove V8 4.6 HSE \u00a01999<span class=\"Apple-converted-space\">\u00a0<\/span><\/p>\n<p>Couleur ext\u00e9rieur : Bleu fonc\u00e9<\/p>\n<p>Couleur int\u00e9rieur : Marron claire<\/p>\n<p>Si\u00e8ges : Cuir<\/p>\n<p>Moteur : V8 4.6l (Thor)<\/p>\n<p>Injection : Bosh Motronic<\/p>\n<p>Boite : automatique<\/p>\n<p>R\u00e9gulateur de vitesse<\/p>\n<p>ABS<\/p>\n<p>ETC 4 roues<\/p>\n<p>Toit ouvrant<\/p>\n<p>Climatisation &#8211; Bi zones<\/p>\n<p>Airbags<\/p>\n<p>Si\u00e8ges avant \u00e9lectriques<\/p>\n<p>R\u00e9gulateur de vitesse<\/p>\n<p>&nbsp;<\/p>\n<h2><strong>Preparations sp\u00e9cifiques<\/strong><\/h2>\n<p><strong>Moteur : \u00a0<\/strong><strong>Enti\u00e8rement refait et pr\u00e9par\u00e9 Q1 2018 sous garantie<\/strong><\/p>\n<p><strong>Passage au banc avant et apr\u00e8s pr\u00e9paration . D\u00e9livre en sortie de pr\u00e9paration et apr\u00e8s rodage 10.000 Km au 8 septembre 2018 : 230 ch (soit 15 ch de plus qu&rsquo;en standard moteur neuf).<\/strong><\/p>\n<p><img loading=\"lazy\" class=\"alignnone size-medium wp-image-245\" src=\"http:\/\/www.rangeroverp38.fr\/wp-content\/uploads\/2018\/09\/IMG_9411-300x225.jpg\" alt=\"\" width=\"300\" height=\"225\" srcset=\"https:\/\/www.rangeroverp38.fr\/wp-content\/uploads\/2018\/09\/IMG_9411-300x225.jpg 300w, https:\/\/www.rangeroverp38.fr\/wp-content\/uploads\/2018\/09\/IMG_9411-768x576.jpg 768w, https:\/\/www.rangeroverp38.fr\/wp-content\/uploads\/2018\/09\/IMG_9411-1024x768.jpg 1024w\" sizes=\"(max-width: 300px) 100vw, 300px\" \/>\u00a0<img loading=\"lazy\" class=\"alignnone size-medium wp-image-81\" src=\"http:\/\/www.rangeroverp38.fr\/wp-content\/uploads\/2018\/09\/IMG_1453-300x225.jpg\" alt=\"\" width=\"300\" height=\"225\" srcset=\"https:\/\/www.rangeroverp38.fr\/wp-content\/uploads\/2018\/09\/IMG_1453-300x225.jpg 300w, https:\/\/www.rangeroverp38.fr\/wp-content\/uploads\/2018\/09\/IMG_1453-768x576.jpg 768w, https:\/\/www.rangeroverp38.fr\/wp-content\/uploads\/2018\/09\/IMG_1453-1024x768.jpg 1024w\" sizes=\"(max-width: 300px) 100vw, 300px\" \/><\/p>\n<p><img loading=\"lazy\" class=\"alignnone size-medium wp-image-79\" src=\"http:\/\/www.rangeroverp38.fr\/wp-content\/uploads\/2018\/09\/IMG_1451-300x225.jpg\" alt=\"\" width=\"300\" height=\"225\" srcset=\"https:\/\/www.rangeroverp38.fr\/wp-content\/uploads\/2018\/09\/IMG_1451-300x225.jpg 300w, https:\/\/www.rangeroverp38.fr\/wp-content\/uploads\/2018\/09\/IMG_1451-768x576.jpg 768w, https:\/\/www.rangeroverp38.fr\/wp-content\/uploads\/2018\/09\/IMG_1451-1024x768.jpg 1024w\" sizes=\"(max-width: 300px) 100vw, 300px\" \/><\/p>\n<p>Flexfuel :<\/p>\n<p>&#8211; E85 100%<\/p>\n<p>&#8211; E10 100%<\/p>\n<p>&#8211; mix E85\/E10<\/p>\n<p>&#8211; 95 ou 98<\/p>\n<p>Consommation essence : inf\u00e9rieur \u00e0 \u00a017 litres ethanol \u00e0 130km\/h sur autoroute<\/p>\n<p>Consommation huile : &lt; 250 ml au 1000 km.<\/p>\n<p>Consommation de liquide de refroidissement : aucun.<\/p>\n<p>&nbsp;<\/p>\n<p><strong>Protections \u00a0\/ Blindages :<\/strong><\/p>\n<p>-Part choc \u00a0avant RR-Evolution avec treuil (Superwinch 12,5i avec corde plasma 12mmx25m et bo\u00eetier d\u00e9port\u00e9) int\u00e9gr\u00e9 et Leds int\u00e9gr\u00e9s<\/p>\n<p><img loading=\"lazy\" class=\"alignnone size-medium wp-image-215\" src=\"http:\/\/www.rangeroverp38.fr\/wp-content\/uploads\/2018\/09\/IMG_1574-300x225.jpg\" alt=\"\" width=\"300\" height=\"225\" srcset=\"https:\/\/www.rangeroverp38.fr\/wp-content\/uploads\/2018\/09\/IMG_1574-300x225.jpg 300w, https:\/\/www.rangeroverp38.fr\/wp-content\/uploads\/2018\/09\/IMG_1574-768x576.jpg 768w, https:\/\/www.rangeroverp38.fr\/wp-content\/uploads\/2018\/09\/IMG_1574-1024x768.jpg 1024w\" sizes=\"(max-width: 300px) 100vw, 300px\" \/><\/p>\n<p>-Coquille pont avant RR-Evolution<\/p>\n<p>-Sabot protection r\u00e9servoir RR-Evolution<\/p>\n<p>-Ski avant RR-Evolution<\/p>\n<p><img loading=\"lazy\" class=\"alignnone size-medium wp-image-249\" src=\"http:\/\/www.rangeroverp38.fr\/wp-content\/uploads\/2018\/09\/IMG_9458-300x225.jpg\" alt=\"\" width=\"300\" height=\"225\" srcset=\"https:\/\/www.rangeroverp38.fr\/wp-content\/uploads\/2018\/09\/IMG_9458-300x225.jpg 300w, https:\/\/www.rangeroverp38.fr\/wp-content\/uploads\/2018\/09\/IMG_9458-768x576.jpg 768w, https:\/\/www.rangeroverp38.fr\/wp-content\/uploads\/2018\/09\/IMG_9458-1024x768.jpg 1024w\" sizes=\"(max-width: 300px) 100vw, 300px\" \/><\/p>\n<p><strong>Liaisons sol \/ R\u00e9 hausses:<\/strong><\/p>\n<p>-5 pneus ST MAXX 265x75x16 4 +1<\/p>\n<p>-5 jantes Disco 2 repeintes en noir<\/p>\n<p>-Elargisseurs de voie +3cm alu<\/p>\n<p>-Boulons jantes \u00a0+ boulons antivol + caches moyeux noir et silver Range Rover<\/p>\n<p><img loading=\"lazy\" class=\"alignnone size-medium wp-image-70\" src=\"http:\/\/www.rangeroverp38.fr\/wp-content\/uploads\/2018\/09\/IMG_7732-300x225.jpg\" alt=\"\" width=\"300\" height=\"225\" srcset=\"https:\/\/www.rangeroverp38.fr\/wp-content\/uploads\/2018\/09\/IMG_7732-300x225.jpg 300w, https:\/\/www.rangeroverp38.fr\/wp-content\/uploads\/2018\/09\/IMG_7732-768x576.jpg 768w, https:\/\/www.rangeroverp38.fr\/wp-content\/uploads\/2018\/09\/IMG_7732-1024x768.jpg 1024w\" sizes=\"(max-width: 300px) 100vw, 300px\" \/><\/p>\n<p>-Ressorts et amortisseurs Tuffback (+5cm par rapport \u00e0 hauteur standard = hauteur Tout terrain).<\/p>\n<p>-Kit r\u00e9hausse (Bodylift) +5cm (PC avant et arri\u00e8re remont\u00e9s)<\/p>\n<p><img loading=\"lazy\" class=\"alignnone size-medium wp-image-229\" src=\"http:\/\/www.rangeroverp38.fr\/wp-content\/uploads\/2018\/09\/IMG_8349-e1537126746921-283x300.jpg\" alt=\"\" width=\"283\" height=\"300\" srcset=\"https:\/\/www.rangeroverp38.fr\/wp-content\/uploads\/2018\/09\/IMG_8349-e1537126746921-283x300.jpg 283w, https:\/\/www.rangeroverp38.fr\/wp-content\/uploads\/2018\/09\/IMG_8349-e1537126746921-768x814.jpg 768w, https:\/\/www.rangeroverp38.fr\/wp-content\/uploads\/2018\/09\/IMG_8349-e1537126746921-966x1024.jpg 966w\" sizes=\"(max-width: 283px) 100vw, 283px\" \/><\/p>\n<p>`<\/p>\n<p><strong>Int\u00e9rieur :<\/strong><\/p>\n<p>-Poste audio Alpine CD2-178BT avec BT et prise USB d\u00e9port\u00e9e dans cubby central.<\/p>\n<p><img loading=\"lazy\" class=\"alignnone size-medium wp-image-167\" src=\"http:\/\/www.rangeroverp38.fr\/wp-content\/uploads\/2018\/09\/IMG_3102-300x225.jpg\" alt=\"\" width=\"300\" height=\"225\" srcset=\"https:\/\/www.rangeroverp38.fr\/wp-content\/uploads\/2018\/09\/IMG_3102-300x225.jpg 300w, https:\/\/www.rangeroverp38.fr\/wp-content\/uploads\/2018\/09\/IMG_3102-768x576.jpg 768w, https:\/\/www.rangeroverp38.fr\/wp-content\/uploads\/2018\/09\/IMG_3102-1024x768.jpg 1024w\" sizes=\"(max-width: 300px) 100vw, 300px\" \/><\/p>\n<p>-Poste CB Alan-42 (portable)<\/p>\n<p>-GPS NAVMAN<\/p>\n<p>-Volant cuir\/bois (refait)<\/p>\n<p><img loading=\"lazy\" class=\"alignnone size-medium wp-image-160\" src=\"http:\/\/www.rangeroverp38.fr\/wp-content\/uploads\/2018\/09\/IMG_3095-300x225.jpg\" alt=\"\" width=\"300\" height=\"225\" srcset=\"https:\/\/www.rangeroverp38.fr\/wp-content\/uploads\/2018\/09\/IMG_3095-300x225.jpg 300w, https:\/\/www.rangeroverp38.fr\/wp-content\/uploads\/2018\/09\/IMG_3095-768x576.jpg 768w, https:\/\/www.rangeroverp38.fr\/wp-content\/uploads\/2018\/09\/IMG_3095-1024x768.jpg 1024w\" sizes=\"(max-width: 300px) 100vw, 300px\" \/><\/p>\n<p>-Ciel de toit refait \/ cuir retrait\u00e9 enti\u00e8rement<\/p>\n<p>-Jeu tapis caoutchouc d&rsquo;origine<\/p>\n<p>-Eclairage int\u00e9rieur et porti\u00e8re leds<\/p>\n<p><img loading=\"lazy\" class=\"alignnone size-medium wp-image-242\" src=\"http:\/\/www.rangeroverp38.fr\/wp-content\/uploads\/2018\/09\/fullsizeoutput_afe-225x300.jpeg\" alt=\"\" width=\"225\" height=\"300\" srcset=\"https:\/\/www.rangeroverp38.fr\/wp-content\/uploads\/2018\/09\/fullsizeoutput_afe-225x300.jpeg 225w, https:\/\/www.rangeroverp38.fr\/wp-content\/uploads\/2018\/09\/fullsizeoutput_afe-768x1024.jpeg 768w\" sizes=\"(max-width: 225px) 100vw, 225px\" \/><\/p>\n<p><img loading=\"lazy\" class=\"alignnone size-medium wp-image-241\" src=\"http:\/\/www.rangeroverp38.fr\/wp-content\/uploads\/2018\/09\/IMG_3315-e1537126435613-300x225.jpg\" alt=\"\" width=\"300\" height=\"225\" srcset=\"https:\/\/www.rangeroverp38.fr\/wp-content\/uploads\/2018\/09\/IMG_3315-e1537126435613-300x225.jpg 300w, https:\/\/www.rangeroverp38.fr\/wp-content\/uploads\/2018\/09\/IMG_3315-e1537126435613-768x576.jpg 768w, https:\/\/www.rangeroverp38.fr\/wp-content\/uploads\/2018\/09\/IMG_3315-e1537126435613-1024x768.jpg 1024w\" sizes=\"(max-width: 300px) 100vw, 300px\" \/><\/p>\n<p>-Centrale commande ARB et compresseurs (ARB et bonbonne Viair)<\/p>\n<p>-Kit Viair 10005 avec bonbonne<\/p>\n<p><img loading=\"lazy\" class=\"alignnone size-medium wp-image-210\" src=\"http:\/\/www.rangeroverp38.fr\/wp-content\/uploads\/2018\/09\/IMG_4973-300x225.jpg\" alt=\"\" width=\"300\" height=\"225\" srcset=\"https:\/\/www.rangeroverp38.fr\/wp-content\/uploads\/2018\/09\/IMG_4973-300x225.jpg 300w, https:\/\/www.rangeroverp38.fr\/wp-content\/uploads\/2018\/09\/IMG_4973-768x576.jpg 768w, https:\/\/www.rangeroverp38.fr\/wp-content\/uploads\/2018\/09\/IMG_4973-1024x768.jpg 1024w\" sizes=\"(max-width: 300px) 100vw, 300px\" \/><\/p>\n<p>-Kit coupleur s\u00e9parateur T-Max<\/p>\n<p><img loading=\"lazy\" class=\"alignnone size-medium wp-image-115\" src=\"http:\/\/www.rangeroverp38.fr\/wp-content\/uploads\/2018\/09\/IMG_3193-e1537126397539-247x300.jpg\" alt=\"\" width=\"247\" height=\"300\" srcset=\"https:\/\/www.rangeroverp38.fr\/wp-content\/uploads\/2018\/09\/IMG_3193-e1537126397539-247x300.jpg 247w, https:\/\/www.rangeroverp38.fr\/wp-content\/uploads\/2018\/09\/IMG_3193-e1537126397539-768x933.jpg 768w, https:\/\/www.rangeroverp38.fr\/wp-content\/uploads\/2018\/09\/IMG_3193-e1537126397539-843x1024.jpg 843w\" sizes=\"(max-width: 247px) 100vw, 247px\" \/><\/p>\n<p>-Seconde batterie d\u00e9charge profonde (- 1 an)<\/p>\n<p><img loading=\"lazy\" class=\"alignnone size-medium wp-image-167\" src=\"http:\/\/www.rangeroverp38.fr\/wp-content\/uploads\/2018\/09\/IMG_3102-300x225.jpg\" alt=\"\" width=\"300\" height=\"225\" srcset=\"https:\/\/www.rangeroverp38.fr\/wp-content\/uploads\/2018\/09\/IMG_3102-300x225.jpg 300w, https:\/\/www.rangeroverp38.fr\/wp-content\/uploads\/2018\/09\/IMG_3102-768x576.jpg 768w, https:\/\/www.rangeroverp38.fr\/wp-content\/uploads\/2018\/09\/IMG_3102-1024x768.jpg 1024w\" sizes=\"(max-width: 300px) 100vw, 300px\" \/><\/p>\n<p><strong>Ext\u00e9rieur :<\/strong><\/p>\n<p>&#8211; Glasstint complet (jusqu&rsquo;au 3 octobre 2018*)<\/p>\n<p>&#8211; Antenne CB<\/p>\n<p>&#8211; Kit feux blancs<\/p>\n<p>&#8211; Barre de toit Thule<\/p>\n<p>&nbsp;<\/p>\n<p><strong>Transmissions :<\/strong><\/p>\n<p>-Blocage de diff\u00e9rentiel ARB Avant \u00a0avec montage Ashcroft<\/p>\n<p><img loading=\"lazy\" class=\"alignnone size-medium wp-image-225\" src=\"http:\/\/www.rangeroverp38.fr\/wp-content\/uploads\/2018\/09\/IMG_9395-300x225.jpg\" alt=\"\" width=\"300\" height=\"225\" srcset=\"https:\/\/www.rangeroverp38.fr\/wp-content\/uploads\/2018\/09\/IMG_9395-300x225.jpg 300w, https:\/\/www.rangeroverp38.fr\/wp-content\/uploads\/2018\/09\/IMG_9395-768x576.jpg 768w, https:\/\/www.rangeroverp38.fr\/wp-content\/uploads\/2018\/09\/IMG_9395-1024x768.jpg 1024w\" sizes=\"(max-width: 300px) 100vw, 300px\" \/><\/p>\n<p><strong>Freinages\u00a0<\/strong><\/p>\n<p>&#8211; Disques arri\u00e8res EBC ventil\u00e9s<\/p>\n<p><img loading=\"lazy\" class=\"alignnone size-medium wp-image-226\" src=\"http:\/\/www.rangeroverp38.fr\/wp-content\/uploads\/2018\/09\/IMG_5049-300x225.jpg\" alt=\"\" width=\"300\" height=\"225\" srcset=\"https:\/\/www.rangeroverp38.fr\/wp-content\/uploads\/2018\/09\/IMG_5049-300x225.jpg 300w, https:\/\/www.rangeroverp38.fr\/wp-content\/uploads\/2018\/09\/IMG_5049-768x576.jpg 768w, https:\/\/www.rangeroverp38.fr\/wp-content\/uploads\/2018\/09\/IMG_5049-1024x768.jpg 1024w\" sizes=\"(max-width: 300px) 100vw, 300px\" \/><\/p>\n<p>&#8211; Arbre de transmission AV neuf<\/p>\n<p>&#8211; Liquide de frein &#8211; 1 an<\/p>\n<p>&nbsp;<\/p>\n<p><strong>Pont :<\/strong><\/p>\n<p>&#8211; Tout les Silentblocs de pont neuf<\/p>\n<p>&#8211; Barres Penhard renforc\u00e9es, r\u00e9glables<\/p>\n<p>&#8211; Roulements de moyeus AV (G&amp;D) neuf<\/p>\n<p>&nbsp;<\/p>\n<p><strong>Directions\u00a0<\/strong><\/p>\n<p>&#8211; Colones de direction neuve<\/p>\n<p>&#8211; Rotules de directions neuf<\/p>\n<p>&#8211; Barres de directions neuf<\/p>\n<p>&#8211; Amortisseur de direction Terrafirma<\/p>\n<p>&nbsp;<\/p>\n<p><strong>Suspensions :<\/strong><\/p>\n<p>&#8211; \u00a0Boitier EAS &#8211; enti\u00e8rement refais \u00e0 100% (joints et diaphagrame), compresseur neuf.<\/p>\n<p><img loading=\"lazy\" class=\"alignnone size-medium wp-image-55\" src=\"http:\/\/www.rangeroverp38.fr\/wp-content\/uploads\/2018\/09\/IMG_9447-225x300.jpg\" alt=\"\" width=\"225\" height=\"300\" srcset=\"https:\/\/www.rangeroverp38.fr\/wp-content\/uploads\/2018\/09\/IMG_9447-225x300.jpg 225w, https:\/\/www.rangeroverp38.fr\/wp-content\/uploads\/2018\/09\/IMG_9447-768x1024.jpg 768w\" sizes=\"(max-width: 225px) 100vw, 225px\" \/><\/p>\n<p>&#8211; Suspension : Arnott Gen3<\/p>\n<p><img loading=\"lazy\" class=\"alignnone size-medium wp-image-227\" src=\"http:\/\/www.rangeroverp38.fr\/wp-content\/uploads\/2018\/09\/IMG_6574-e1537126598861-225x300.jpg\" alt=\"\" width=\"225\" height=\"300\" srcset=\"https:\/\/www.rangeroverp38.fr\/wp-content\/uploads\/2018\/09\/IMG_6574-e1537126598861-225x300.jpg 225w, https:\/\/www.rangeroverp38.fr\/wp-content\/uploads\/2018\/09\/IMG_6574-e1537126598861-768x1024.jpg 768w\" sizes=\"(max-width: 225px) 100vw, 225px\" \/><\/p>\n<p>&#8211; Capteurs de positions (neufs les 4)<\/p>\n<p>&nbsp;<\/p>\n<p><strong>Electricit\u00e9 \/ Electronique :\u00a0<\/strong><\/p>\n<p>&#8211; Serrure avant droite et gauche neuves<\/p>\n<p>&#8211; Capteurs t\u00e9l\u00e9commande \u00a0: G\u00e9n\u00e9ration 3<\/p>\n<p>&#8211; Prises int\u00e9rieurs porte avant gauche et droite soud\u00e9es (les connaisseurs comprendront)<\/p>\n<p>&#8211; Contacteur tournant neuf<\/p>\n<p>&nbsp;<\/p>\n<p><strong>Chauffage \/ Air conditionn\u00e9e\u00a0<\/strong><\/p>\n<p>&#8211; Radiateur de chauffage chang\u00e9<\/p>\n<p>&#8211; Radiateur de climatisation chang\u00e9<\/p>\n<p>&nbsp;<\/p>\n<p><strong>Bonus\u00a0<\/strong><\/p>\n<p>&#8211; Ordinateur pour pilotage et gestion de l&rsquo;ensemble des modules \u00e9lectroniques du Range Rover<\/p>\n<p><img loading=\"lazy\" class=\"alignnone size-medium wp-image-253\" src=\"http:\/\/www.rangeroverp38.fr\/wp-content\/uploads\/2018\/09\/fullsizeoutput_b04-300x225.jpeg\" alt=\"\" width=\"300\" height=\"225\" srcset=\"https:\/\/www.rangeroverp38.fr\/wp-content\/uploads\/2018\/09\/fullsizeoutput_b04-300x225.jpeg 300w, https:\/\/www.rangeroverp38.fr\/wp-content\/uploads\/2018\/09\/fullsizeoutput_b04-768x576.jpeg 768w, https:\/\/www.rangeroverp38.fr\/wp-content\/uploads\/2018\/09\/fullsizeoutput_b04-1024x768.jpeg 1024w\" sizes=\"(max-width: 300px) 100vw, 300px\" \/><img loading=\"lazy\" class=\"alignnone size-medium wp-image-112\" src=\"http:\/\/www.rangeroverp38.fr\/wp-content\/uploads\/2018\/09\/fullsizeoutput_b07-300x225.jpeg\" alt=\"\" width=\"300\" height=\"225\" srcset=\"https:\/\/www.rangeroverp38.fr\/wp-content\/uploads\/2018\/09\/fullsizeoutput_b07-300x225.jpeg 300w, https:\/\/www.rangeroverp38.fr\/wp-content\/uploads\/2018\/09\/fullsizeoutput_b07-768x576.jpeg 768w, https:\/\/www.rangeroverp38.fr\/wp-content\/uploads\/2018\/09\/fullsizeoutput_b07-1024x768.jpeg 1024w\" sizes=\"(max-width: 300px) 100vw, 300px\" \/><\/p>\n<p>&#8211; Kit complet neuf de treuillage et remorquage<\/p>\n<p><img loading=\"lazy\" class=\"alignnone size-medium wp-image-197\" src=\"http:\/\/www.rangeroverp38.fr\/wp-content\/uploads\/2018\/09\/IMG_8484-2-300x225.jpg\" alt=\"\" width=\"300\" height=\"225\" srcset=\"https:\/\/www.rangeroverp38.fr\/wp-content\/uploads\/2018\/09\/IMG_8484-2-300x225.jpg 300w, https:\/\/www.rangeroverp38.fr\/wp-content\/uploads\/2018\/09\/IMG_8484-2-768x576.jpg 768w, https:\/\/www.rangeroverp38.fr\/wp-content\/uploads\/2018\/09\/IMG_8484-2-1024x768.jpg 1024w\" sizes=\"(max-width: 300px) 100vw, 300px\" \/> <img loading=\"lazy\" class=\"alignnone size-medium wp-image-196\" src=\"http:\/\/www.rangeroverp38.fr\/wp-content\/uploads\/2018\/09\/IMG_9593-300x225.jpg\" alt=\"\" width=\"300\" height=\"225\" srcset=\"https:\/\/www.rangeroverp38.fr\/wp-content\/uploads\/2018\/09\/IMG_9593-300x225.jpg 300w, https:\/\/www.rangeroverp38.fr\/wp-content\/uploads\/2018\/09\/IMG_9593-768x576.jpg 768w, https:\/\/www.rangeroverp38.fr\/wp-content\/uploads\/2018\/09\/IMG_9593-1024x768.jpg 1024w\" sizes=\"(max-width: 300px) 100vw, 300px\" \/><\/p>\n<p><img loading=\"lazy\" class=\"alignnone size-medium wp-image-134\" src=\"http:\/\/www.rangeroverp38.fr\/wp-content\/uploads\/2018\/09\/IMG_3213-300x225.jpg\" alt=\"\" width=\"300\" height=\"225\" srcset=\"https:\/\/www.rangeroverp38.fr\/wp-content\/uploads\/2018\/09\/IMG_3213-300x225.jpg 300w, https:\/\/www.rangeroverp38.fr\/wp-content\/uploads\/2018\/09\/IMG_3213-768x576.jpg 768w, https:\/\/www.rangeroverp38.fr\/wp-content\/uploads\/2018\/09\/IMG_3213-1024x768.jpg 1024w\" sizes=\"(max-width: 300px) 100vw, 300px\" \/> <img loading=\"lazy\" class=\"alignnone size-medium wp-image-133\" src=\"http:\/\/www.rangeroverp38.fr\/wp-content\/uploads\/2018\/09\/IMG_3211-300x225.jpg\" alt=\"\" width=\"300\" height=\"225\" srcset=\"https:\/\/www.rangeroverp38.fr\/wp-content\/uploads\/2018\/09\/IMG_3211-300x225.jpg 300w, https:\/\/www.rangeroverp38.fr\/wp-content\/uploads\/2018\/09\/IMG_3211-768x576.jpg 768w, https:\/\/www.rangeroverp38.fr\/wp-content\/uploads\/2018\/09\/IMG_3211-1024x768.jpg 1024w\" sizes=\"(max-width: 300px) 100vw, 300px\" \/><\/p>\n<p>&#8211; Nombreuses pi\u00e8ces de rechanges et outils sp\u00e9ciaux Land Rover.<\/p>\n<p>&nbsp;<\/p>\n<p>&nbsp;<\/p>\n<p>&nbsp;<\/p>\n<p>&nbsp;<\/p>\n<p>&nbsp;<\/p>\n<p>&nbsp;<\/p>\n<p>&nbsp;<\/p>\n<p>&nbsp;<\/p>\n","protected":false},"excerpt":{"rendered":"<p>Details du v\u00e9hicule Donn\u00e9es standards : Range Rove V8 4.6 HSE \u00a01999\u00a0 Couleur ext\u00e9rieur : Bleu fonc\u00e9 Couleur int\u00e9rieur : Marron claire Si\u00e8ges : Cuir Moteur : V8 4.6l (Thor) Injection : Bosh Motronic Boite : automatique R\u00e9gulateur de vitesse ABS ETC 4 roues Toit ouvrant Climatisation &#8211; Bi zones Airbags Si\u00e8ges avant \u00e9lectriques R\u00e9gulateur &hellip; <\/p>\n<p class=\"link-more\"><a href=\"https:\/\/www.rangeroverp38.fr\/?page_id=92\" class=\"more-link\">Continuer la lecture<span class=\"screen-reader-text\"> de &laquo;&nbsp;Details du Range Rover V8 4.6l 230ch E85&nbsp;&raquo;<\/span><\/a><\/p>\n","protected":false},"author":1,"featured_media":0,"parent":0,"menu_order":0,"comment_status":"closed","ping_status":"closed","template":"","meta":[],"_links":{"self":[{"href":"https:\/\/www.rangeroverp38.fr\/index.php?rest_route=\/wp\/v2\/pages\/92"}],"collection":[{"href":"https:\/\/www.rangeroverp38.fr\/index.php?rest_route=\/wp\/v2\/pages"}],"about":[{"href":"https:\/\/www.rangeroverp38.fr\/index.php?rest_route=\/wp\/v2\/types\/page"}],"author":[{"embeddable":true,"href":"https:\/\/www.rangeroverp38.fr\/index.php?rest_route=\/wp\/v2\/users\/1"}],"replies":[{"embeddable":true,"href":"https:\/\/www.rangeroverp38.fr\/index.php?rest_route=%2Fwp%2Fv2%2Fcomments&post=92"}],"version-history":[{"count":8,"href":"https:\/\/www.rangeroverp38.fr\/index.php?rest_route=\/wp\/v2\/pages\/92\/revisions"}],"predecessor-version":[{"id":284,"href":"https:\/\/www.rangeroverp38.fr\/index.php?rest_route=\/wp\/v2\/pages\/92\/revisions\/284"}],"wp:attachment":[{"href":"https:\/\/www.rangeroverp38.fr\/index.php?rest_route=%2Fwp%2Fv2%2Fmedia&parent=92"}],"curies":[{"name":"wp","href":"https:\/\/api.w.org\/{rel}","templated":true}]}}