{"id":104,"date":"2018-09-15T09:15:29","date_gmt":"2018-09-15T07:15:29","guid":{"rendered":"http:\/\/www.rangeroverp38.fr\/?page_id=104"},"modified":"2018-09-16T19:02:10","modified_gmt":"2018-09-16T17:02:10","slug":"prix-de-vente","status":"publish","type":"page","link":"https:\/\/www.rangeroverp38.fr\/?page_id=104","title":{"rendered":"Prix de vente"},"content":{"rendered":"<p>V\u00e9hicule achet\u00e9 en janvier 2015 :<\/p>\n<p>Prix v\u00e9hicule \u00e0 l&rsquo;achat en 2015 \u00a0: 6800 \u20ac<\/p>\n<p>Travaux de r\u00e9fections et fiabilisations \u00a0 : 6000 \u20ac<\/p>\n<p>R\u00e9fections et pr\u00e9paration moteur \u00a0: 7500 \u20ac<\/p>\n<p>Pi\u00e8ces d\u00e9tach\u00e9es : 1000 \u20ac<\/p>\n<p>Kit treuillage \/ remorquage neuf : 300 \u20ac<\/p>\n<p>Ordinateur de contr\u00f4le \u00e9lectronique : 500 \u20ac<\/p>\n<p style=\"text-align: right;\">Total : 22.100 \u20ac<\/p>\n<p>&nbsp;<\/p>\n<p style=\"text-align: right;\">Prix de vente jusqu&rsquo;au <em>1 octobre 2018<\/em>* : <strong>12.900 \u20ac<\/strong><\/p>\n<p>&nbsp;<\/p>\n<p>Pour me contacter avant \u00e9change t\u00e9l\u00e9phonique et\/ou visite:<\/p>\n<p><strong>contact@rangeroverp38.fr<\/strong><\/p>\n<p>&nbsp;<\/p>\n<p>Prix sp\u00e9cial jusqu&rsquo;au 1 octobre 2018<\/p>\n<p>&nbsp;<\/p>\n<p><em>*(validit\u00e9 du CT pour la vente \u00a0(pass\u00e9 il y a &#8211; de 6 mois) qui est en l&rsquo;\u00e9tat valide jusqu&rsquo;au 1 mai 2020.<\/em><\/p>\n<p>&nbsp;<\/p>\n","protected":false},"excerpt":{"rendered":"<p>V\u00e9hicule achet\u00e9 en janvier 2015 : Prix v\u00e9hicule \u00e0 l&rsquo;achat en 2015 \u00a0: 6800 \u20ac Travaux de r\u00e9fections et fiabilisations \u00a0 : 6000 \u20ac R\u00e9fections et pr\u00e9paration moteur \u00a0: 7500 \u20ac Pi\u00e8ces d\u00e9tach\u00e9es : 1000 \u20ac Kit treuillage \/ remorquage neuf : 300 \u20ac Ordinateur de contr\u00f4le \u00e9lectronique : 500 \u20ac Total : 22.100 \u20ac &hellip; <\/p>\n<p class=\"link-more\"><a href=\"https:\/\/www.rangeroverp38.fr\/?page_id=104\" class=\"more-link\">Continuer la lecture<span class=\"screen-reader-text\"> de &laquo;&nbsp;Prix de vente&nbsp;&raquo;<\/span><\/a><\/p>\n","protected":false},"author":1,"featured_media":0,"parent":0,"menu_order":0,"comment_status":"closed","ping_status":"closed","template":"","meta":[],"_links":{"self":[{"href":"https:\/\/www.rangeroverp38.fr\/index.php?rest_route=\/wp\/v2\/pages\/104"}],"collection":[{"href":"https:\/\/www.rangeroverp38.fr\/index.php?rest_route=\/wp\/v2\/pages"}],"about":[{"href":"https:\/\/www.rangeroverp38.fr\/index.php?rest_route=\/wp\/v2\/types\/page"}],"author":[{"embeddable":true,"href":"https:\/\/www.rangeroverp38.fr\/index.php?rest_route=\/wp\/v2\/users\/1"}],"replies":[{"embeddable":true,"href":"https:\/\/www.rangeroverp38.fr\/index.php?rest_route=%2Fwp%2Fv2%2Fcomments&post=104"}],"version-history":[{"count":6,"href":"https:\/\/www.rangeroverp38.fr\/index.php?rest_route=\/wp\/v2\/pages\/104\/revisions"}],"predecessor-version":[{"id":281,"href":"https:\/\/www.rangeroverp38.fr\/index.php?rest_route=\/wp\/v2\/pages\/104\/revisions\/281"}],"wp:attachment":[{"href":"https:\/\/www.rangeroverp38.fr\/index.php?rest_route=%2Fwp%2Fv2%2Fmedia&parent=104"}],"curies":[{"name":"wp","href":"https:\/\/api.w.org\/{rel}","templated":true}]}}